{"id":9479,"date":"2025-10-13T11:44:36","date_gmt":"2025-10-13T11:44:36","guid":{"rendered":"https:\/\/wp.vormia.com\/2025\/fragrantelegance\/?post_type=product&#038;p=9479"},"modified":"2025-10-24T14:57:41","modified_gmt":"2025-10-24T14:57:41","slug":"tom-ford-ebene-fume","status":"publish","type":"product","link":"https:\/\/wp.vormia.com\/2025\/fragrantelegance\/product\/tom-ford-ebene-fume\/","title":{"rendered":"Tom Ford \u00c9b\u00e8ne Fum\u00e9"},"content":{"rendered":"","protected":false},"excerpt":{"rendered":"<p>A rich, spiritual fragrance infused with palo santo, ebony wood, and resins. Smoky, warm, and sophisticated\u2014a scent that evokes calm strength and inner peace.<\/p>\n","protected":false},"featured_media":9438,"comment_status":"open","ping_status":"closed","template":"","meta":[],"product_brand":[],"product_cat":[71],"product_tag":[],"class_list":{"0":"post-9479","1":"product","2":"type-product","3":"status-publish","4":"has-post-thumbnail","6":"product_cat-designer-perfumes","8":"first","9":"instock","10":"shipping-taxable","11":"purchasable","12":"product-type-simple"},"_links":{"self":[{"href":"https:\/\/wp.vormia.com\/2025\/fragrantelegance\/wp-json\/wp\/v2\/product\/9479","targetHints":{"allow":["GET"]}}],"collection":[{"href":"https:\/\/wp.vormia.com\/2025\/fragrantelegance\/wp-json\/wp\/v2\/product"}],"about":[{"href":"https:\/\/wp.vormia.com\/2025\/fragrantelegance\/wp-json\/wp\/v2\/types\/product"}],"replies":[{"embeddable":true,"href":"https:\/\/wp.vormia.com\/2025\/fragrantelegance\/wp-json\/wp\/v2\/comments?post=9479"}],"wp:featuredmedia":[{"embeddable":true,"href":"https:\/\/wp.vormia.com\/2025\/fragrantelegance\/wp-json\/wp\/v2\/media\/9438"}],"wp:attachment":[{"href":"https:\/\/wp.vormia.com\/2025\/fragrantelegance\/wp-json\/wp\/v2\/media?parent=9479"}],"wp:term":[{"taxonomy":"product_brand","embeddable":true,"href":"https:\/\/wp.vormia.com\/2025\/fragrantelegance\/wp-json\/wp\/v2\/product_brand?post=9479"},{"taxonomy":"product_cat","embeddable":true,"href":"https:\/\/wp.vormia.com\/2025\/fragrantelegance\/wp-json\/wp\/v2\/product_cat?post=9479"},{"taxonomy":"product_tag","embeddable":true,"href":"https:\/\/wp.vormia.com\/2025\/fragrantelegance\/wp-json\/wp\/v2\/product_tag?post=9479"}],"curies":[{"name":"wp","href":"https:\/\/api.w.org\/{rel}","templated":true}]}}